{"id":2362,"date":"2021-02-22T17:29:43","date_gmt":"2021-02-22T16:29:43","guid":{"rendered":"https:\/\/collectifpleinlavue.org\/?page_id=2362"},"modified":"2021-07-07T17:44:59","modified_gmt":"2021-07-07T15:44:59","slug":"le-kit-ambassadeur","status":"publish","type":"page","link":"https:\/\/collectifpleinlavue.org\/index.php\/la-charte-chauve-souris\/le-kit-ambassadeur\/","title":{"rendered":"Le Kit Ambassadeur Chauve-Souris"},"content":{"rendered":"\n<p>En tant qu&rsquo;ambassadeur.rice, portez la voix du projet Chauve-Souris aupr\u00e8s des commerces de votre quartier ! Ci-dessous quelques \u00e9l\u00e9ments pour vous accompagner.<\/p>\n\n\n\n<p>Pour aller plus loin, n&rsquo;h\u00e9sitez pas \u00e0 nous contacter \u00e0 <strong><a href=\"mailto:chauvesouris@pleinlavue.org\">chauvesouris@pleinlavue.org<\/a><\/strong><\/p>\n\n\n\n<div class=\"wp-block-themeisle-blocks-advanced-columns has-1-columns has-desktop-equal-layout has-tablet-equal-layout has-mobile-equal-layout has-default-gap has-vertical-unset\" id=\"wp-block-themeisle-blocks-advanced-columns-8b4ac763\"><div class=\"wp-block-themeisle-blocks-advanced-columns-overlay\"><\/div><div class=\"innerblocks-wrap\">\n<div class=\"wp-block-themeisle-blocks-advanced-column\" id=\"wp-block-themeisle-blocks-advanced-column-a49dda9f\">\n<div class=\"wp-block-image\"><figure class=\"aligncenter size-large\"><img fetchpriority=\"high\" decoding=\"async\" width=\"724\" height=\"1024\" src=\"https:\/\/collectifpleinlavue.org\/wp-content\/uploads\/2021\/07\/1-2-724x1024.jpg\" alt=\"\" class=\"wp-image-2513\" srcset=\"https:\/\/collectifpleinlavue.org\/wp-content\/uploads\/2021\/07\/1-2-724x1024.jpg 724w, https:\/\/collectifpleinlavue.org\/wp-content\/uploads\/2021\/07\/1-2-212x300.jpg 212w, https:\/\/collectifpleinlavue.org\/wp-content\/uploads\/2021\/07\/1-2-768x1086.jpg 768w, https:\/\/collectifpleinlavue.org\/wp-content\/uploads\/2021\/07\/1-2-1086x1536.jpg 1086w, https:\/\/collectifpleinlavue.org\/wp-content\/uploads\/2021\/07\/1-2.jpg 1414w\" sizes=\"(max-width: 724px) 100vw, 724px\" \/><\/figure><\/div>\n<\/div>\n<\/div><\/div>\n\n\n\n<div class=\"wp-block-image\"><figure class=\"aligncenter size-large\"><img decoding=\"async\" width=\"724\" height=\"1024\" src=\"https:\/\/collectifpleinlavue.org\/wp-content\/uploads\/2021\/07\/2-1-724x1024.jpg\" alt=\"\" class=\"wp-image-2492\" srcset=\"https:\/\/collectifpleinlavue.org\/wp-content\/uploads\/2021\/07\/2-1-724x1024.jpg 724w, https:\/\/collectifpleinlavue.org\/wp-content\/uploads\/2021\/07\/2-1-212x300.jpg 212w, https:\/\/collectifpleinlavue.org\/wp-content\/uploads\/2021\/07\/2-1-768x1086.jpg 768w, https:\/\/collectifpleinlavue.org\/wp-content\/uploads\/2021\/07\/2-1-1086x1536.jpg 1086w, https:\/\/collectifpleinlavue.org\/wp-content\/uploads\/2021\/07\/2-1.jpg 1414w\" sizes=\"(max-width: 724px) 100vw, 724px\" \/><\/figure><\/div>\n\n\n\n<div class=\"wp-block-image\"><figure class=\"aligncenter size-large\"><img decoding=\"async\" width=\"724\" height=\"1024\" src=\"https:\/\/collectifpleinlavue.org\/wp-content\/uploads\/2021\/07\/3-1-724x1024.jpg\" alt=\"\" class=\"wp-image-2493\" srcset=\"https:\/\/collectifpleinlavue.org\/wp-content\/uploads\/2021\/07\/3-1-724x1024.jpg 724w, https:\/\/collectifpleinlavue.org\/wp-content\/uploads\/2021\/07\/3-1-212x300.jpg 212w, https:\/\/collectifpleinlavue.org\/wp-content\/uploads\/2021\/07\/3-1-768x1086.jpg 768w, https:\/\/collectifpleinlavue.org\/wp-content\/uploads\/2021\/07\/3-1-1086x1536.jpg 1086w, https:\/\/collectifpleinlavue.org\/wp-content\/uploads\/2021\/07\/3-1.jpg 1414w\" sizes=\"(max-width: 724px) 100vw, 724px\" \/><\/figure><\/div>\n\n\n\n<div class=\"wp-block-image\"><figure class=\"aligncenter size-large\"><img loading=\"lazy\" decoding=\"async\" width=\"724\" height=\"1024\" src=\"https:\/\/collectifpleinlavue.org\/wp-content\/uploads\/2021\/07\/4-1-724x1024.jpg\" alt=\"\" class=\"wp-image-2494\" srcset=\"https:\/\/collectifpleinlavue.org\/wp-content\/uploads\/2021\/07\/4-1-724x1024.jpg 724w, https:\/\/collectifpleinlavue.org\/wp-content\/uploads\/2021\/07\/4-1-212x300.jpg 212w, https:\/\/collectifpleinlavue.org\/wp-content\/uploads\/2021\/07\/4-1-768x1086.jpg 768w, https:\/\/collectifpleinlavue.org\/wp-content\/uploads\/2021\/07\/4-1-1086x1536.jpg 1086w, https:\/\/collectifpleinlavue.org\/wp-content\/uploads\/2021\/07\/4-1.jpg 1414w\" sizes=\"(max-width: 724px) 100vw, 724px\" \/><\/figure><\/div>\n\n\n\n<div class=\"wp-block-image\"><figure class=\"aligncenter size-large\"><img loading=\"lazy\" decoding=\"async\" width=\"724\" height=\"1024\" src=\"https:\/\/collectifpleinlavue.org\/wp-content\/uploads\/2021\/07\/5-1-724x1024.jpg\" alt=\"\" class=\"wp-image-2495\" srcset=\"https:\/\/collectifpleinlavue.org\/wp-content\/uploads\/2021\/07\/5-1-724x1024.jpg 724w, https:\/\/collectifpleinlavue.org\/wp-content\/uploads\/2021\/07\/5-1-212x300.jpg 212w, https:\/\/collectifpleinlavue.org\/wp-content\/uploads\/2021\/07\/5-1-768x1086.jpg 768w, https:\/\/collectifpleinlavue.org\/wp-content\/uploads\/2021\/07\/5-1-1086x1536.jpg 1086w, https:\/\/collectifpleinlavue.org\/wp-content\/uploads\/2021\/07\/5-1.jpg 1414w\" sizes=\"(max-width: 724px) 100vw, 724px\" \/><\/figure><\/div>\n\n\n\n<div class=\"wp-block-image\"><figure class=\"aligncenter size-large\"><img loading=\"lazy\" decoding=\"async\" width=\"724\" height=\"1024\" src=\"https:\/\/collectifpleinlavue.org\/wp-content\/uploads\/2021\/07\/6-1-724x1024.jpg\" alt=\"\" class=\"wp-image-2496\" srcset=\"https:\/\/collectifpleinlavue.org\/wp-content\/uploads\/2021\/07\/6-1-724x1024.jpg 724w, https:\/\/collectifpleinlavue.org\/wp-content\/uploads\/2021\/07\/6-1-212x300.jpg 212w, https:\/\/collectifpleinlavue.org\/wp-content\/uploads\/2021\/07\/6-1-768x1086.jpg 768w, https:\/\/collectifpleinlavue.org\/wp-content\/uploads\/2021\/07\/6-1-1086x1536.jpg 1086w, https:\/\/collectifpleinlavue.org\/wp-content\/uploads\/2021\/07\/6-1.jpg 1414w\" sizes=\"(max-width: 724px) 100vw, 724px\" \/><\/figure><\/div>\n\n\n\n<p><\/p>\n\n\n\n<p><\/p>\n","protected":false},"excerpt":{"rendered":"<p>En tant qu&rsquo;ambassadeur.rice, portez la voix du projet Chauve-Souris aupr\u00e8s des commerces de votre quartier ! Ci-dessous quelques \u00e9l\u00e9ments pour vous accompagner. Pour aller plus loin, n&rsquo;h\u00e9sitez pas \u00e0 nous contacter \u00e0 chauvesouris@pleinlavue.org<\/p>\n","protected":false},"author":7,"featured_media":2315,"parent":2299,"menu_order":1,"comment_status":"closed","ping_status":"closed","template":"","meta":{"footnotes":""},"class_list":["post-2362","page","type-page","status-publish","has-post-thumbnail","hentry"],"blocksy_meta":[],"_links":{"self":[{"href":"https:\/\/collectifpleinlavue.org\/index.php\/wp-json\/wp\/v2\/pages\/2362","targetHints":{"allow":["GET"]}}],"collection":[{"href":"https:\/\/collectifpleinlavue.org\/index.php\/wp-json\/wp\/v2\/pages"}],"about":[{"href":"https:\/\/collectifpleinlavue.org\/index.php\/wp-json\/wp\/v2\/types\/page"}],"author":[{"embeddable":true,"href":"https:\/\/collectifpleinlavue.org\/index.php\/wp-json\/wp\/v2\/users\/7"}],"replies":[{"embeddable":true,"href":"https:\/\/collectifpleinlavue.org\/index.php\/wp-json\/wp\/v2\/comments?post=2362"}],"version-history":[{"count":9,"href":"https:\/\/collectifpleinlavue.org\/index.php\/wp-json\/wp\/v2\/pages\/2362\/revisions"}],"predecessor-version":[{"id":2518,"href":"https:\/\/collectifpleinlavue.org\/index.php\/wp-json\/wp\/v2\/pages\/2362\/revisions\/2518"}],"up":[{"embeddable":true,"href":"https:\/\/collectifpleinlavue.org\/index.php\/wp-json\/wp\/v2\/pages\/2299"}],"wp:featuredmedia":[{"embeddable":true,"href":"https:\/\/collectifpleinlavue.org\/index.php\/wp-json\/wp\/v2\/media\/2315"}],"wp:attachment":[{"href":"https:\/\/collectifpleinlavue.org\/index.php\/wp-json\/wp\/v2\/media?parent=2362"}],"curies":[{"name":"wp","href":"https:\/\/api.w.org\/{rel}","templated":true}]}}