{"id":2080,"date":"2020-02-27T00:37:29","date_gmt":"2020-02-26T23:37:29","guid":{"rendered":"https:\/\/collectifpleinlavue.org\/?page_id=2080"},"modified":"2020-06-24T10:03:17","modified_gmt":"2020-06-24T08:03:17","slug":"demarche-et-bilan-global","status":"publish","type":"page","link":"https:\/\/collectifpleinlavue.org\/index.php\/demarche-et-bilan-global\/","title":{"rendered":"D\u00e9marche et bilan global (1er tour)"},"content":{"rendered":"\n<div class=\"wp-block-themeisle-blocks-advanced-columns has-1-columns has-desktop-equal-layout has-tablet-equal-layout has-mobile-equal-layout has-default-gap has-vertical-unset\" id=\"wp-block-themeisle-blocks-advanced-columns-26fb076d\"><div class=\"wp-block-themeisle-blocks-advanced-columns-overlay\"><\/div><div class=\"innerblocks-wrap\">\n<div class=\"wp-block-themeisle-blocks-advanced-column\" id=\"wp-block-themeisle-blocks-advanced-column-94f4ed41\">\n<p><strong>Le Collectif Plein La Vue et R\u00e9sistance \u00e0 l\u2019Agression Publicitaire \u2013 Lyon ont consult\u00e9 les candidats t\u00eate de liste \u00e0 la M\u00e9tropole de Lyon et de dix communes parmi les plus importantes du territoire sur leur programme en mati\u00e8re de protection du cadre de vie.<\/strong>&nbsp;Cette d\u00e9marche a pour objectif de rappeler que les futurs \u00e9lus auront des d\u00e9cisions \u00e0 prendre en la mati\u00e8re et ensuite d\u2019informer les \u00e9lecteurs des propositions des candidats. A la M\u00e9tropole de Lyon, Bruno Bernard et Nathalie Perrin-Gilbert se distinguent par des programmes ambitieux pour la protection du cadre de vie.<\/p>\n\n\n\n<p>Des candidats se sont pench\u00e9s sur la question de la publicit\u00e9 dans chacune des communes interrog\u00e9es et pour la M\u00e9tropole. Nous avons obtenu des r\u00e9ponses de 28 candidats sur 56 consult\u00e9s, soit un candidat sur deux.&nbsp;<strong>Une offre politique existe donc en la mati\u00e8re sur l\u2019ensemble de ces territoires.<\/strong>&nbsp;On regrette cependant que tous les candidats n\u2019aient pas abord\u00e9 la question dans leurs programmes ou pris le temps de nous r\u00e9pondre compte-tenu de l\u2019\u00e9mergence ces deux derni\u00e8res ann\u00e9es de cette th\u00e9matique dans le d\u00e9bat public. L\u2019absence de position de ces candidats a \u00e9t\u00e9 consid\u00e9r\u00e9.<\/p>\n\n\n\n<p style=\"font-size:24px\"><strong>D\u00e9marche<\/strong><\/p>\n\n\n\n<p>Le Collectif Plein La Vue et R\u00e9sistance \u00e0 l\u2019Agression Publicitaire-Lyon se sont mobilis\u00e9s en cette p\u00e9riode \u00e9lectorale afin de valoriser, dans le d\u00e9bat d\u00e9mocratique local, la th\u00e9matique de la protection du cadre de vue en mati\u00e8re d\u2019affichage publicitaire. Il s\u2019agit en effet d\u2019un enjeu important ayant des incidences notables sur l\u2019environnement, les nuisances lumineuses, la consommation \u00e9nerg\u00e9tique, le patrimoine, le commerce de proximit\u00e9, la s\u00e9curit\u00e9 routi\u00e8re ou encore la sant\u00e9 publique. Il s\u2019agit \u00e9galement d\u2019une th\u00e9matique prioritaire au regard des \u00e9ch\u00e9ances d\u00e9cisionnelles. En effet, <strong>le R\u00e8glement Local de Publicit\u00e9 intercommunal (RLPi) port\u00e9 par la M\u00e9tropole de Lyon, et co-construit avec les communes, sera l\u2019un des premiers sujets de la prochaine mandature<\/strong>. Il incombera aux candidats \u00e9lus en mars de d\u00e9cider du contenu de ce futur r\u00e8glement.<\/p>\n\n\n\n<p>Ce RLPi et la question de la publicit\u00e9 dans l&rsquo;espace public interrogent la qualit\u00e9 de notre cadre de vie, de nos espaces publics et plus largement la vision que nous avons de nos villes face aux enjeux \u00e9cologiques et \u00e9nerg\u00e9tiques de premier plan. Cela interpelle \u00e9galement les citoyens qui seront tr\u00e8s attentifs, dans le cadre des \u00e9lections, \u00e0 la position des candidats sur ces enjeux. Ainsi, en mars 2019, l\u2019Union des Comit\u00e9s d\u2019Int\u00e9r\u00eat Locaux et Plein La Vue r\u00e9alisaient une <a href=\"https:\/\/collectifpleinlavue.org\/index.php\/resultats-synthese\/\">consultation citoyenne<\/a> \u00e0 laquelle ont particip\u00e9 plus de 8000 personnes sur une dur\u00e9e d\u2019un mois, succ\u00e8s in\u00e9gal\u00e9 \u00e0 notre connaissance en mati\u00e8re de consultation locale sur la M\u00e9tropole de Lyon, qui d\u00e9montre bien la sensibilit\u00e9 du sujet aupr\u00e8s de la population.<\/p>\n\n\n\n<p>La multiplication des supports publicitaires, notamment num\u00e9riques, au sein des communes de la m\u00e9tropole d\u00e9grade le cadre de vie des habitants et il est important que les candidats soient conscients du r\u00f4le qu&rsquo;ils ont \u00e0 jouer afin de pr\u00e9server ce cadre et que la ville ne devienne pas un support agressif de publicit\u00e9 en permanence.<\/p>\n\n\n\n<p>Les deux organisations ont, au cours du mois de f\u00e9vrier 2020, sollicit\u00e9 des entretiens avec les principaux candidats t\u00eate de liste \u00e0 la M\u00e9tropole de Lyon et ont transmis un questionnaire dans dix communes de l\u2019agglom\u00e9ration : Lyon, Villeurbanne, Oullins, Caluire-et-Cuire, V\u00e9nissieux, Vaulx-en-Velin, Bron, Rillieux-la-Pape, D\u00e9cines-Charpieu et Saint-Priest.<\/p>\n\n\n\n<p>Plus pr\u00e9cis\u00e9ment, les objectifs de Plein La Vue et R\u00e9sistance \u00e0 l\u2019Agression Publicitaire \u00e0 travers cette d\u00e9marche de plaidoyer sont :<\/p>\n\n\n\n<ul class=\"wp-block-list\"><li>De faire remonter dans le d\u00e9bat \u00e9lectoral la question de la publicit\u00e9 dans nos espaces publics et dans la gestion du mobilier urbaine ;<\/li><li>De donner \u00e0 conna\u00eetre aux \u00e9lecteurs les positions des diff\u00e9rents candidats en la mati\u00e8re.<\/li><\/ul>\n\n\n\n<p style=\"font-size:24px\">&nbsp;<strong>Bilan global 1er tour<\/strong> (15 mars)<\/p>\n\n\n\n<p>Le premier bilan est positif car des candidats se sont pench\u00e9s sur la question de la publicit\u00e9 dans chacune des communes interrog\u00e9es et dans la M\u00e9tropole. <strong>Une offre politique existe donc en la mati\u00e8re sur l\u2019ensemble de ces territoires<\/strong>. On regrette cependant que tous les candidats n\u2019aient pas abord\u00e9 la question dans leurs programmes ou pris le temps de nous r\u00e9pondre compte-tenu de l\u2019\u00e9mergence ces deux derni\u00e8res ann\u00e9es de cette th\u00e9matique dans le d\u00e9bat public.<\/p>\n\n\n\n<p><strong>Nous avons obtenus des r\u00e9ponses de 29 candidats sur 56 consult\u00e9s, soit un candidat sur deux.<\/strong> Le taux de r\u00e9ponse est notamment important sur les communes d\u2019Oullins (4\/5), Caluire-et -Cuire (3\/5) et Lyon (4\/7). Les candidats \u00e0 la M\u00e9tropole de Lyon, plus directement concern\u00e9e car comp\u00e9tente en mati\u00e8re de R\u00e8glement Local de Publicit\u00e9, ont \u00e9t\u00e9 nombreux \u00e0 s\u2019exprimer (5\/6), mais le silence des candidats manquants fait cruellement d\u00e9faut au d\u00e9bat d\u00e9mocratique.<\/p>\n\n\n\n<p>On regrettera donc que Fran\u00e7ois-No\u00ebl Buffet, candidat t\u00eate de liste \u00e0 la M\u00e9tropole de Lyon, ne se soit pas positionn\u00e9 sur cette question : Jusqu\u2019\u00e0 r\u00e9cemment, la place de la publicit\u00e9 et le recours par les collectivit\u00e9s \u00e0 des publicitaires pour leur d\u00e9l\u00e9guer la gestion du mobilier urbain avait \u00e9t\u00e9 enferm\u00e9s dans des simples consid\u00e9rations techniques et budg\u00e9taires. Or, cette th\u00e9matique interroge profond\u00e9ment la vision et la gestion de la ville que nous souhaitons. <strong>En ne prenant pas part \u00e0 notre consultation, ces candidats n\u2019ont pas particip\u00e9 \u00e0 enrichir le d\u00e9bat d\u00e9mocratique et manquent de transparence sur leurs futurs d\u00e9cisions vis-\u00e0-vis des \u00e9lecteurs.<\/strong><\/p>\n\n\n\n<p>Les r\u00e9ponses obtenues nous permettent d\u2019identifier quels sont les candidats conscients de la dimension de politique publique et de proximit\u00e9 que repr\u00e9sente la publicit\u00e9 dans nos rues et savoir qui sont les candidats qui permettront malheureusement, de par leur volont\u00e9 ou leur passivit\u00e9, de franchir ce que nous consid\u00e9rons comme des lignes rouge, \u00e0 savoir autoriser les \u00e9crans vid\u00e9os publicitaires et banaliser le d\u00e9veloppement des b\u00e2ches de chantier publicitaires g\u00e9antes \u00bb.&nbsp;<\/p>\n\n\n\n<hr class=\"wp-block-separator\"\/>\n\n\n\n<p>=&gt; <em><a href=\"https:\/\/collectifpleinlavue.org\/index.php\/les-candidats-a-la-metropole-de-lyon\/\">R\u00e9sultats pour les candidats \u00e0 la M\u00e9tropole de Lyon<\/a><\/em><\/p>\n\n\n\n<p>=&gt; <em><a href=\"https:\/\/collectifpleinlavue.org\/index.php\/des-candidats-favorables-a-la-reduction-de-la-pression-publicitaire-dans-chacune-des-10-principales-communes-de-la-metropole\/\">R\u00e9sultats par commune<\/a><\/em> : Lyon, Villeurbanne, Oullins, Caluire-et-Cuire, V\u00e9nissieux, Vaulx-en-Velin, Bron, D\u00e9cines-Charpieu, Rillieux-la-Pape, Saint-Priest<\/p>\n<\/div>\n<\/div><\/div>\n","protected":false},"excerpt":{"rendered":"","protected":false},"author":2,"featured_media":93,"parent":0,"menu_order":0,"comment_status":"closed","ping_status":"closed","template":"","meta":{"footnotes":""},"class_list":["post-2080","page","type-page","status-publish","has-post-thumbnail","hentry"],"blocksy_meta":[],"_links":{"self":[{"href":"https:\/\/collectifpleinlavue.org\/index.php\/wp-json\/wp\/v2\/pages\/2080","targetHints":{"allow":["GET"]}}],"collection":[{"href":"https:\/\/collectifpleinlavue.org\/index.php\/wp-json\/wp\/v2\/pages"}],"about":[{"href":"https:\/\/collectifpleinlavue.org\/index.php\/wp-json\/wp\/v2\/types\/page"}],"author":[{"embeddable":true,"href":"https:\/\/collectifpleinlavue.org\/index.php\/wp-json\/wp\/v2\/users\/2"}],"replies":[{"embeddable":true,"href":"https:\/\/collectifpleinlavue.org\/index.php\/wp-json\/wp\/v2\/comments?post=2080"}],"version-history":[{"count":11,"href":"https:\/\/collectifpleinlavue.org\/index.php\/wp-json\/wp\/v2\/pages\/2080\/revisions"}],"predecessor-version":[{"id":2276,"href":"https:\/\/collectifpleinlavue.org\/index.php\/wp-json\/wp\/v2\/pages\/2080\/revisions\/2276"}],"wp:featuredmedia":[{"embeddable":true,"href":"https:\/\/collectifpleinlavue.org\/index.php\/wp-json\/wp\/v2\/media\/93"}],"wp:attachment":[{"href":"https:\/\/collectifpleinlavue.org\/index.php\/wp-json\/wp\/v2\/media?parent=2080"}],"curies":[{"name":"wp","href":"https:\/\/api.w.org\/{rel}","templated":true}]}}