{"id":147,"date":"2018-01-16T15:11:16","date_gmt":"2018-01-16T14:11:16","guid":{"rendered":"http:\/\/collectifpleinlavue.org\/?page_id=147"},"modified":"2018-01-16T15:13:08","modified_gmt":"2018-01-16T14:13:08","slug":"partenaires","status":"publish","type":"page","link":"https:\/\/collectifpleinlavue.org\/index.php\/partenaires\/","title":{"rendered":"Partenaires"},"content":{"rendered":"<p>Les associations signataires de la p\u00e9tition:<br \/>\n\u25cf Alternatiba<br \/>\n\u25cf Paysages de France<br \/>\n\u25cf R\u00e9sistance \u00e0 l\u2019agression publicitaire (RAP)<br \/>\n\u25cf Association conscience et impact \u00e9cologique (CIE)<br \/>\n\u25cf I-Boycott<br \/>\n\u25cf Mouvement pour une alternative non-violente (MAN)<br \/>\n\u25cf Vers un r\u00e9seau d\u2019achat commun (VRAC), Les amis de la terre, Solidarit\u00e9<br \/>\n\u00e9cologie et citoyennet\u00e9 dans l\u2019ouest lyonnais (SECOL), Rh\u00f4ne-Alpes sans<br \/>\nnucl\u00e9aire, Les d\u00e9boulonneurs, Le publiphobe.<br \/>\n\u25cf Et des soutiens et relais (Anciela, Silence !, Robins des villes&#8230;)<\/p>\n","protected":false},"excerpt":{"rendered":"<p>Les associations signataires de la p\u00e9tition: \u25cf Alternatiba \u25cf Paysages de France \u25cf R\u00e9sistance \u00e0 l\u2019agression publicitaire (RAP) \u25cf Association conscience et impact \u00e9cologique (CIE) \u25cf I-Boycott \u25cf Mouvement pour une alternative non-violente (MAN) \u25cf Vers un r\u00e9seau d\u2019achat commun (VRAC), Les amis de la terre, Solidarit\u00e9 \u00e9cologie et citoyennet\u00e9 dans l\u2019ouest lyonnais (SECOL), Rh\u00f4ne-Alpes [&hellip;]<\/p>\n","protected":false},"author":1,"featured_media":0,"parent":0,"menu_order":0,"comment_status":"closed","ping_status":"closed","template":"","meta":{"footnotes":""},"class_list":["post-147","page","type-page","status-publish","hentry"],"blocksy_meta":[],"_links":{"self":[{"href":"https:\/\/collectifpleinlavue.org\/index.php\/wp-json\/wp\/v2\/pages\/147","targetHints":{"allow":["GET"]}}],"collection":[{"href":"https:\/\/collectifpleinlavue.org\/index.php\/wp-json\/wp\/v2\/pages"}],"about":[{"href":"https:\/\/collectifpleinlavue.org\/index.php\/wp-json\/wp\/v2\/types\/page"}],"author":[{"embeddable":true,"href":"https:\/\/collectifpleinlavue.org\/index.php\/wp-json\/wp\/v2\/users\/1"}],"replies":[{"embeddable":true,"href":"https:\/\/collectifpleinlavue.org\/index.php\/wp-json\/wp\/v2\/comments?post=147"}],"version-history":[{"count":3,"href":"https:\/\/collectifpleinlavue.org\/index.php\/wp-json\/wp\/v2\/pages\/147\/revisions"}],"predecessor-version":[{"id":151,"href":"https:\/\/collectifpleinlavue.org\/index.php\/wp-json\/wp\/v2\/pages\/147\/revisions\/151"}],"wp:attachment":[{"href":"https:\/\/collectifpleinlavue.org\/index.php\/wp-json\/wp\/v2\/media?parent=147"}],"curies":[{"name":"wp","href":"https:\/\/api.w.org\/{rel}","templated":true}]}}