{"id":1256,"date":"2019-01-25T16:00:09","date_gmt":"2019-01-25T15:00:09","guid":{"rendered":"http:\/\/collectifpleinlavue.org\/?page_id=1256"},"modified":"2020-02-04T21:19:20","modified_gmt":"2020-02-04T20:19:20","slug":"qui-sommes-nous","status":"publish","type":"page","link":"https:\/\/collectifpleinlavue.org\/index.php\/qui-sommes-nous\/","title":{"rendered":"Qui sommes-nous?"},"content":{"rendered":"\n<p>Le&nbsp;<a rel=\"noreferrer noopener\" href=\"http:\/\/collectifpleinlavue.org\/\" target=\"_blank\">Collectif Plein la vue<\/a>, cr\u00e9\u00e9 fin 2017, a pour but de faire diminuer la pression publicitaire dans la M\u00e9tropole de Lyon : moins de panneaux, plus petits, pas d&rsquo;\u00e9crans vid\u00e9o publicitaires etc.<br>Pour cela, le Collectif r\u00e9alise de nombreuses actions de rues et de plaidoyer afin de sensibiliser les habitant\u00b7es et les \u00e9lu\u00b7es de la M\u00e9tropole.&nbsp;Nous sommes un collectif a-partisan, pour autant nous faisons de la politique, car nous participons \u00e0 la \u00ab\u00a0vie de la cit\u00e9\u00a0\u00bb.&nbsp;<br>Depuis la cr\u00e9ation de Plein la vue, nous travaillons essentiellement \u00e0 la r\u00e9daction du R\u00e8glement local de publicit\u00e9 intercommunal (RLPI), qui va l\u00e9gif\u00e9rer sur la place de la publicit\u00e9 dans la m\u00e9tropole lyonnaise pour les ann\u00e9es voire les d\u00e9cennies \u00e0 venir. Nous souhaitons un R\u00e8glement qui acte la forte diminution de la pression publicitaire dans nos communes. Pour cela nous menons de nombreuses actions, dont voici les principales r\u00e9alis\u00e9es depuis la naissance du Collectif :<br><strong>Concernant la r\u00e9daction du RLPI :<\/strong><\/p>\n\n\n\n<ul class=\"wp-block-list\"><li>Participation \u00e0 la&nbsp;<a rel=\"noreferrer noopener\" href=\"https:\/\/www.grandlyon.com\/projets\/concertations-enquetes-publiques.html\" target=\"_blank\">concertation<\/a>&nbsp;officielle du Grand Lyon, transmission de nombreux&nbsp;<a rel=\"noreferrer noopener\" href=\"http:\/\/collectifpleinlavue.org\/index.php\/2018\/05\/25\/contribution-de-plein-la-vue-pour-lelaboration-du-rlpi-de-la-metropole-de-lyon\/\" target=\"_blank\">\u00e9l\u00e9ments de travail et arguments<\/a>&nbsp;aux services de la M\u00e9tropole, notamment suite \u00e0 la proposition de projet de RLPI de mars 2019 (<a href=\"http:\/\/collectifpleinlavue.org\/wp-content\/uploads\/2019\/10\/Conclusions-relatives-au-projet-de-RLPi-presente-le-21-mars-2019-1-4.pdf\">notre r\u00e9ponse iCI<\/a>).<\/li><li>Rencontre d&rsquo;une trentaine de&nbsp;<a rel=\"noreferrer noopener\" href=\"http:\/\/collectifpleinlavue.org\/index.php\/2018\/09\/13\/la-publicite-dans-lespace-public-qui-sont-les-bons-et-les-mauvais-eleves-dans-la-metropole-de-lyon\/\" target=\"_blank\">mairies et groupes politiques<\/a>&nbsp;du Grand Lyon pour exposer notre vision de la M\u00e9tropole avec moins de publicit\u00e9<\/li><li>R\u00e9daction d&rsquo;une <a href=\"http:\/\/collectifpleinlavue.org\/wp-content\/uploads\/2019\/10\/Revue_litt_scientifique_ecrans-Plein-la-Vue-avril-2019-.pdf\">note scientifique<\/a> sur les \u00e9crans num\u00e9riques publicitaires<\/li><li>R\u00e9daction d&rsquo;une <a href=\"http:\/\/collectifpleinlavue.org\/wp-content\/uploads\/2019\/10\/Note-B\u00e2ches-sur-le-caract\u00e8re-permanent-des-dispositifs-publicitaires-temporaires-25092019.pdf\">note technique<\/a> sur les b\u00e2ches<\/li><li>R\u00e9daction par une avocate du Bureau de Lyon d&rsquo;une <a href=\"http:\/\/collectifpleinlavue.org\/wp-content\/uploads\/2019\/04\/Note-Juridique-RLPi-PLV-avril-2019.pdf\">note juridique<\/a> d\u00e9montrant la possibilit\u00e9 de pouvoir interdire un dispositif publicitaire, par ex les \u00e9crans num\u00e9riques<\/li><\/ul>\n\n\n\n<p><strong>Pour recueillir et porter la voix des habitants de la m\u00e9tropole :<\/strong><\/p>\n\n\n\n<ul class=\"wp-block-list\"><li><a href=\"http:\/\/collectifpleinlavue.org\/index.php\/2019\/03\/14\/la-publicite-a-lyon-les-resultat-de-la-consultation-publique\/\">+ 8 000 r\u00e9ponses \u00e0 la consultation<\/a> sur la place de la publicit\u00e9 dans l&rsquo;espace public de la M\u00e9tropole de Lyon, lanc\u00e9e avec l&rsquo;UCIL (Union des comit\u00e9s d&rsquo;int\u00e9r\u00eats locaux), en f\u00e9vrier-mars 2018 (ici la \u00ab\u00a0<a href=\"https:\/\/collectifpleinlavue.org\/wp-content\/uploads\/2019\/03\/Tracts-PLV-resultats-consultation-publique-2.pdf\">plaquette r\u00e9sultats<\/a>\u00ab\u00a0).<\/li><li>Rencontre de pr\u00e8s de 200 petits commer\u00e7ants pour connaitre leur\u00a0<a rel=\"noreferrer noopener\" href=\"http:\/\/collectifpleinlavue.org\/index.php\/2018\/08\/30\/communique-de-presse-les-panneaux-publicitaires-sont-ils-bons-pour-le-commerce-lyonnais-pas-si-sur\/\" target=\"_blank\">rapport<\/a>\u00a0\u00e0 la publicit\u00e9, r\u00e9daction d&rsquo;un rapport de 30 pages<\/li><li>R\u00e9alisation de\u00a0<a rel=\"noreferrer noopener\" href=\"http:\/\/collectifpleinlavue.org\/index.php\/2018\/06\/18\/ecrans-video-publicitaires-en-juin-1-jour-1-temoignage\/\" target=\"_blank\">micro-trottoirs<\/a>\u00a0en juin\u00a02018\u00a0sur la question des \u00e9crans vid\u00e9os publicitaires<\/li><li>Notre\u00a0<a rel=\"noreferrer noopener\" href=\"https:\/\/www.change.org\/p\/david-kimelfeld-des-arbres-pas-des-pubs-lib%C3%A9rons-la-m%C3%A9tropole-lyonnaise-de-la-pression-publicitaire\" target=\"_blank\">p\u00e9tition<\/a>\u00a0\u00ab\u00a0Des arbres pas des pubs &#8211; lib\u00e9rons la M\u00e9tropole lyonnaise de la pression publicitaire\u00a0\u00bb recueille\u00a0fin 2018\u00a0plus de 14 000 signatures<\/li><li>Participation active pour\u00a0faire suspendre l&rsquo;exp\u00e9rimentation de la\u00a0<a rel=\"noreferrer noopener\" href=\"http:\/\/collectifpleinlavue.org\/index.php\/2018\/10\/26\/fin-de-la-publicite-au-sol-la-victoire-du-bon-sens\/\" target=\"_blank\">publicit\u00e9 au sol<\/a> (cela a aboutit en octobre 2018) et le retrait du <a href=\"http:\/\/collectifpleinlavue.org\/index.php\/2019\/10\/31\/retrait-du-panneau-jc-decaux-une-demarche-dapaisement-necessaire-le-debat-democratique-doit-reprendre-sereinement\/\">1er panneau num\u00e9rique publicitaire<\/a> \u00e0 Lyon en octobre 2019.<\/li><\/ul>\n\n\n\n<p><strong>Participer \u00e0 la formation du public sur la question de la publicit\u00e9 dans l&rsquo;espace public<\/strong><\/p>\n\n\n\n<ul class=\"wp-block-list\"><li>De nombreuses&nbsp;<a rel=\"noreferrer noopener\" href=\"http:\/\/collectifpleinlavue.org\/index.php\/2018\/08\/29\/formation-atelier-et-recouvrement-le-26-aout-pour-le-tour-alternatiba-a-lyon\/\" target=\"_blank\">formations, r\u00e9unions d&rsquo;informations, intervention, tenues de stands<\/a> lors de r\u00e9unions publiques, conseils de quartiers&#8230;<\/li><li>R\u00e9daction d&rsquo;un&nbsp;<a rel=\"noreferrer noopener\" href=\"http:\/\/collectifpleinlavue.org\/index.php\/2018\/05\/14\/plein-la-vue-presente-son-kit-militant\/\" target=\"_blank\">kit militant<\/a><\/li><li>R\u00e9daction d&rsquo;une <a href=\"https:\/\/collectifpleinlavue.org\/wp-content\/uploads\/2019\/11\/Contribution-PLV-condens\u00e9e-Convention-Climat.pdf\">contribution<\/a> pour la Convention citoyenne en novembre 2019<\/li><\/ul>\n\n\n\n<p><strong>Et des actions de sensibilisation sur le terrain :<\/strong><\/p>\n\n\n\n<ul class=\"wp-block-list\"><li>Organisation avec l&rsquo;association R\u00e9sistance \u00e0 l&rsquo;Agression Publicitaire Lyon de&nbsp;<a rel=\"noreferrer noopener\" href=\"http:\/\/collectifpleinlavue.org\/index.php\/2018\/03\/25\/150-personnes-ont-fait-la-fete-a-la-pub-dans-les-rues-de-lyon\/\" target=\"_blank\">la plus grande manifestation<\/a>&nbsp;jamais organis\u00e9e en France&nbsp;sur le th\u00e8me de la publicit\u00e9 (150 personnes) lors de la journ\u00e9e mondiale contre la publicit\u00e9 du 25 mars 2018<\/li><li>Organisation de nombreuses&nbsp;<a rel=\"noreferrer noopener\" href=\"http:\/\/collectifpleinlavue.org\/index.php\/2018\/01\/22\/debut-de-la-concertation-pour-le-rlpi-pas-de-pubs-only-lyon\/\" target=\"_blank\">actions<\/a> de rues pour sensibiliser les habitants de la M\u00e9tropole, notamment lors des Marches Climat.<\/li><\/ul>\n\n\n\n<p><strong>Nous sommes soutenus par une&nbsp;<a rel=\"noreferrer noopener\" href=\"http:\/\/collectifpleinlavue.org\/index.php\/associations-signataires\/\" target=\"_blank\">trentaine d&rsquo;associations<\/a> issues de divers domaines (patrimonial, \u00e9cologistes, f\u00e9ministes, urbanistes, parents, confessionnels&#8230;).<\/strong><\/p>\n\n\n\n<p><strong>L&rsquo;Association Plein la vue !<\/strong><br>Retrouvez les Statuts <strong><a href=\"http:\/\/collectifpleinlavue.org\/wp-content\/uploads\/2019\/04\/STATUTS-PLEIN-LA-VUE-17012019.pdf\">ICI<\/a><\/strong> et le bulletin d&rsquo;adh\u00e9sion <strong><a href=\"https:\/\/collectifpleinlavue.org\/wp-content\/uploads\/2019\/11\/Bulletin-Adhesion-2020-Pleinlavue.pdf\">ICI<\/a><\/strong>.<br><\/p>\n\n\n\n<p>Pour la suite&#8230; rejoignez-nous : <a rel=\"noreferrer noopener\" href=\"mailto:collectif.pleinlavue@gmail.com\" target=\"_blank\">collectif.pleinlavue@gmail.com<\/a>&nbsp;\/&nbsp;<a rel=\"noreferrer noopener\" href=\"https:\/\/www.facebook.com\/collectifpleinlavue\/\" target=\"_blank\">Facebook<\/a>&nbsp;\/&nbsp;<a rel=\"noreferrer noopener\" href=\"https:\/\/twitter.com\/Coll_Pleinlavue\" target=\"_blank\">Twitter<\/a>&nbsp;\/&nbsp;<a rel=\"noreferrer noopener\" href=\"https:\/\/www.instagram.com\/collectif.pleinlavue\/\" target=\"_blank\">Instagram<\/a>.<br>Et retrouvez ici <em>\u00ab\u00a0Comment agir pour se lib\u00e9rer de la publicit\u00e9\u00a0\u00bb<\/em> : <a href=\"http:\/\/collectifpleinlavue.org\/wp-content\/uploads\/2019\/01\/PLV-tractV3.pdf\">le tract \u00e0 t\u00e9l\u00e9charger<\/a>, et ci-dessous :<\/p>\n\n\n\n<figure class=\"wp-block-image\"><img fetchpriority=\"high\" decoding=\"async\" width=\"735\" height=\"1024\" src=\"http:\/\/collectifpleinlavue.org\/wp-content\/uploads\/2019\/01\/PLV-tractV3-1-735x1024.jpg\" alt=\"\" class=\"wp-image-1263\" srcset=\"https:\/\/collectifpleinlavue.org\/wp-content\/uploads\/2019\/01\/PLV-tractV3-1-735x1024.jpg 735w, https:\/\/collectifpleinlavue.org\/wp-content\/uploads\/2019\/01\/PLV-tractV3-1-215x300.jpg 215w, https:\/\/collectifpleinlavue.org\/wp-content\/uploads\/2019\/01\/PLV-tractV3-1-768x1069.jpg 768w, https:\/\/collectifpleinlavue.org\/wp-content\/uploads\/2019\/01\/PLV-tractV3-1.jpg 933w\" sizes=\"(max-width: 735px) 100vw, 735px\" \/><\/figure>\n\n\n\n<figure class=\"wp-block-image\"><img decoding=\"async\" width=\"735\" height=\"1024\" src=\"http:\/\/collectifpleinlavue.org\/wp-content\/uploads\/2019\/01\/PLV-tractV3-2-735x1024.jpg\" alt=\"\" class=\"wp-image-1264\" srcset=\"https:\/\/collectifpleinlavue.org\/wp-content\/uploads\/2019\/01\/PLV-tractV3-2-735x1024.jpg 735w, https:\/\/collectifpleinlavue.org\/wp-content\/uploads\/2019\/01\/PLV-tractV3-2-215x300.jpg 215w, https:\/\/collectifpleinlavue.org\/wp-content\/uploads\/2019\/01\/PLV-tractV3-2-768x1069.jpg 768w, https:\/\/collectifpleinlavue.org\/wp-content\/uploads\/2019\/01\/PLV-tractV3-2.jpg 933w\" sizes=\"(max-width: 735px) 100vw, 735px\" \/><\/figure>\n","protected":false},"excerpt":{"rendered":"<p>Le&nbsp;Collectif Plein la vue, cr\u00e9\u00e9 fin 2017, a pour but de faire diminuer la pression publicitaire dans la M\u00e9tropole de Lyon : moins de panneaux, plus petits, pas d&rsquo;\u00e9crans vid\u00e9o publicitaires etc.Pour cela, le Collectif r\u00e9alise de nombreuses actions de rues et de plaidoyer afin de sensibiliser les habitant\u00b7es et les \u00e9lu\u00b7es de la M\u00e9tropole.&nbsp;Nous [&hellip;]<\/p>\n","protected":false},"author":1,"featured_media":666,"parent":0,"menu_order":0,"comment_status":"closed","ping_status":"closed","template":"","meta":{"footnotes":""},"class_list":["post-1256","page","type-page","status-publish","has-post-thumbnail","hentry"],"blocksy_meta":[],"_links":{"self":[{"href":"https:\/\/collectifpleinlavue.org\/index.php\/wp-json\/wp\/v2\/pages\/1256","targetHints":{"allow":["GET"]}}],"collection":[{"href":"https:\/\/collectifpleinlavue.org\/index.php\/wp-json\/wp\/v2\/pages"}],"about":[{"href":"https:\/\/collectifpleinlavue.org\/index.php\/wp-json\/wp\/v2\/types\/page"}],"author":[{"embeddable":true,"href":"https:\/\/collectifpleinlavue.org\/index.php\/wp-json\/wp\/v2\/users\/1"}],"replies":[{"embeddable":true,"href":"https:\/\/collectifpleinlavue.org\/index.php\/wp-json\/wp\/v2\/comments?post=1256"}],"version-history":[{"count":18,"href":"https:\/\/collectifpleinlavue.org\/index.php\/wp-json\/wp\/v2\/pages\/1256\/revisions"}],"predecessor-version":[{"id":2049,"href":"https:\/\/collectifpleinlavue.org\/index.php\/wp-json\/wp\/v2\/pages\/1256\/revisions\/2049"}],"wp:featuredmedia":[{"embeddable":true,"href":"https:\/\/collectifpleinlavue.org\/index.php\/wp-json\/wp\/v2\/media\/666"}],"wp:attachment":[{"href":"https:\/\/collectifpleinlavue.org\/index.php\/wp-json\/wp\/v2\/media?parent=1256"}],"curies":[{"name":"wp","href":"https:\/\/api.w.org\/{rel}","templated":true}]}}